{"id":809,"date":"2019-11-01T20:29:40","date_gmt":"2019-11-01T19:29:40","guid":{"rendered":"https:\/\/skolexpress.no\/vagsbygd\/?post_type=product&#038;p=809"},"modified":"2019-11-06T10:55:47","modified_gmt":"2019-11-06T09:55:47","slug":"vagsbygd-teknisk-t-shirt-dame","status":"publish","type":"product","link":"https:\/\/skolexpress.no\/vagsbygd\/produkt\/vagsbygd-teknisk-t-shirt-dame\/","title":{"rendered":"V\u00e5gsbygd teknisk T-shirt dame"},"content":{"rendered":"<p>Funktions T-shirt f\u00f6r dam. Materialets mycket goda fukttransporterande f\u00f6rm\u00e5ga h\u00e5ller dig torr n\u00e4rmast kroppen.<\/p>\n<p><strong>Material\u00a0<\/strong>100% Polyester<br \/>\n<strong>Vikt\u00a0<\/strong>140 g\/m\u00b2<\/p>\n","protected":false},"excerpt":{"rendered":"<p>Funktions T-shirt f\u00f6r dam. Materialets mycket goda fukttransporterande f\u00f6rm\u00e5ga h\u00e5ller dig torr n\u00e4rmast kroppen. Material\u00a0100% Polyester Vikt\u00a0140 g\/m\u00b2<\/p>\n","protected":false},"featured_media":1005,"template":"","meta":[],"product_brand":[],"product_cat":[21],"product_tag":[],"class_list":{"0":"post-809","1":"product","2":"type-product","3":"status-publish","4":"has-post-thumbnail","6":"product_cat-teknisk-t-shirt","8":"first","9":"instock","10":"shipping-taxable","11":"purchasable","12":"product-type-variable"},"_links":{"self":[{"href":"https:\/\/skolexpress.no\/vagsbygd\/wp-json\/wp\/v2\/product\/809","targetHints":{"allow":["GET"]}}],"collection":[{"href":"https:\/\/skolexpress.no\/vagsbygd\/wp-json\/wp\/v2\/product"}],"about":[{"href":"https:\/\/skolexpress.no\/vagsbygd\/wp-json\/wp\/v2\/types\/product"}],"wp:featuredmedia":[{"embeddable":true,"href":"https:\/\/skolexpress.no\/vagsbygd\/wp-json\/wp\/v2\/media\/1005"}],"wp:attachment":[{"href":"https:\/\/skolexpress.no\/vagsbygd\/wp-json\/wp\/v2\/media?parent=809"}],"wp:term":[{"taxonomy":"product_brand","embeddable":true,"href":"https:\/\/skolexpress.no\/vagsbygd\/wp-json\/wp\/v2\/product_brand?post=809"},{"taxonomy":"product_cat","embeddable":true,"href":"https:\/\/skolexpress.no\/vagsbygd\/wp-json\/wp\/v2\/product_cat?post=809"},{"taxonomy":"product_tag","embeddable":true,"href":"https:\/\/skolexpress.no\/vagsbygd\/wp-json\/wp\/v2\/product_tag?post=809"}],"curies":[{"name":"wp","href":"https:\/\/api.w.org\/{rel}","templated":true}]}}