{"id":528,"date":"2019-11-01T16:52:42","date_gmt":"2019-11-01T15:52:42","guid":{"rendered":"https:\/\/skolexpress.no\/vagsbygd\/?post_type=product&#038;p=528"},"modified":"2019-11-06T10:52:16","modified_gmt":"2019-11-06T09:52:16","slug":"teknisk-t-shirt","status":"publish","type":"product","link":"https:\/\/skolexpress.no\/vagsbygd\/produkt\/teknisk-t-shirt\/","title":{"rendered":"V\u00e5gsbygd Teknisk T-shirt"},"content":{"rendered":"<p>Funktions T-shirt f\u00f6r herr. Materialets mycket goda fukttransporterande f\u00f6rm\u00e5ga h\u00e5ller dig torr n\u00e4rmast kroppen. 30 f\u00e4rger!<\/p>\n<p><strong>Material\u00a0<\/strong>100% Polyester<br \/>\n<strong>Vikt\u00a0<\/strong>140 g\/m\u00b2<\/p>\n","protected":false},"excerpt":{"rendered":"<p>Funktions T-shirt f\u00f6r herr. Materialets mycket goda fukttransporterande f\u00f6rm\u00e5ga h\u00e5ller dig torr n\u00e4rmast kroppen. 30 f\u00e4rger! Material\u00a0100% Polyester Vikt\u00a0140 g\/m\u00b2<\/p>\n","protected":false},"featured_media":976,"template":"","meta":[],"product_brand":[],"product_cat":[21],"product_tag":[],"class_list":{"0":"post-528","1":"product","2":"type-product","3":"status-publish","4":"has-post-thumbnail","6":"product_cat-teknisk-t-shirt","8":"first","9":"instock","10":"shipping-taxable","11":"purchasable","12":"product-type-variable"},"_links":{"self":[{"href":"https:\/\/skolexpress.no\/vagsbygd\/wp-json\/wp\/v2\/product\/528","targetHints":{"allow":["GET"]}}],"collection":[{"href":"https:\/\/skolexpress.no\/vagsbygd\/wp-json\/wp\/v2\/product"}],"about":[{"href":"https:\/\/skolexpress.no\/vagsbygd\/wp-json\/wp\/v2\/types\/product"}],"wp:featuredmedia":[{"embeddable":true,"href":"https:\/\/skolexpress.no\/vagsbygd\/wp-json\/wp\/v2\/media\/976"}],"wp:attachment":[{"href":"https:\/\/skolexpress.no\/vagsbygd\/wp-json\/wp\/v2\/media?parent=528"}],"wp:term":[{"taxonomy":"product_brand","embeddable":true,"href":"https:\/\/skolexpress.no\/vagsbygd\/wp-json\/wp\/v2\/product_brand?post=528"},{"taxonomy":"product_cat","embeddable":true,"href":"https:\/\/skolexpress.no\/vagsbygd\/wp-json\/wp\/v2\/product_cat?post=528"},{"taxonomy":"product_tag","embeddable":true,"href":"https:\/\/skolexpress.no\/vagsbygd\/wp-json\/wp\/v2\/product_tag?post=528"}],"curies":[{"name":"wp","href":"https:\/\/api.w.org\/{rel}","templated":true}]}}