{"id":970,"date":"2019-11-01T21:15:14","date_gmt":"2019-11-01T20:15:14","guid":{"rendered":"https:\/\/skolexpress.no\/vagsbygd\/?page_id=970"},"modified":"2023-02-23T15:40:06","modified_gmt":"2023-02-23T14:40:06","slug":"om-oss","status":"publish","type":"page","link":"https:\/\/skolexpress.no\/vagsbygd\/om-oss\/","title":{"rendered":"Om oss"},"content":{"rendered":"\n<p>Rebell Nordic AS leverer tekstiler til V\u00e5gsbygd skole.<br>Bestilling foretas i v\u00e5r nettbutikk og varene leveres til avtalte tider p\u00e5 skolen.<\/p>\n","protected":false},"excerpt":{"rendered":"<p>Rebell Nordic AS leverer tekstiler til V\u00e5gsbygd skole.Bestilling foretas i v\u00e5r nettbutikk og varene leveres til avtalte tider p\u00e5 skolen.<\/p>\n","protected":false},"author":1,"featured_media":0,"parent":0,"menu_order":0,"comment_status":"closed","ping_status":"closed","template":"","meta":{"footnotes":""},"class_list":["post-970","page","type-page","status-publish","hentry"],"_links":{"self":[{"href":"https:\/\/skolexpress.no\/vagsbygd\/wp-json\/wp\/v2\/pages\/970","targetHints":{"allow":["GET"]}}],"collection":[{"href":"https:\/\/skolexpress.no\/vagsbygd\/wp-json\/wp\/v2\/pages"}],"about":[{"href":"https:\/\/skolexpress.no\/vagsbygd\/wp-json\/wp\/v2\/types\/page"}],"author":[{"embeddable":true,"href":"https:\/\/skolexpress.no\/vagsbygd\/wp-json\/wp\/v2\/users\/1"}],"replies":[{"embeddable":true,"href":"https:\/\/skolexpress.no\/vagsbygd\/wp-json\/wp\/v2\/comments?post=970"}],"version-history":[{"count":2,"href":"https:\/\/skolexpress.no\/vagsbygd\/wp-json\/wp\/v2\/pages\/970\/revisions"}],"predecessor-version":[{"id":1270,"href":"https:\/\/skolexpress.no\/vagsbygd\/wp-json\/wp\/v2\/pages\/970\/revisions\/1270"}],"wp:attachment":[{"href":"https:\/\/skolexpress.no\/vagsbygd\/wp-json\/wp\/v2\/media?parent=970"}],"curies":[{"name":"wp","href":"https:\/\/api.w.org\/{rel}","templated":true}]}}