{"id":215,"date":"2020-02-08T12:17:19","date_gmt":"2020-02-08T11:17:19","guid":{"rendered":"https:\/\/skolexpress.no\/oasen\/?post_type=product&#038;p=215"},"modified":"2020-03-11T11:39:44","modified_gmt":"2020-03-11T10:39:44","slug":"oasen-classic-hoody-ladies","status":"publish","type":"product","link":"https:\/\/skolexpress.no\/oasen\/produkt\/oasen-classic-hoody-ladies\/","title":{"rendered":"OASEN CLASSIC HOODY LADIES"},"content":{"rendered":"<p>Hettegenser med kengurulomme med praktisk l\u00f8sning for mobiltelefon.<br \/>\nKontrast mesf\u00f4r i hette. 2&#215;2 stretch rib i nedekant og ermavslutning.<br \/>\nFlatlocks\u00f8mmer i ton i ton.<\/p>\n<table>\n<tbody>\n<tr>\n<td>Fabrics<\/td>\n<td>80% bomull, 20% polyester (bl\u00e5melert [565], gr\u00f8nnmelert [676] antrasitmelert [955] 60% bomull, 40% polyester. Gr\u00e5melert [95] 85% bomull 15% viskose)<\/td>\n<\/tr>\n<tr>\n<td>Gender<\/td>\n<td>Damer<\/td>\n<\/tr>\n<tr>\n<td>Vekt<\/td>\n<td>300 g\/m2<\/td>\n<\/tr>\n<\/tbody>\n<\/table>\n","protected":false},"excerpt":{"rendered":"<p>Hettegenser med kengurulomme med praktisk l\u00f8sning for mobiltelefon. Kontrast mesf\u00f4r i hette. 2&#215;2 stretch rib i nedekant og ermavslutning. Flatlocks\u00f8mmer i ton i ton. Fabrics 80% bomull, 20% polyester (bl\u00e5melert [565], gr\u00f8nnmelert [676] antrasitmelert [955] 60% bomull, 40% polyester. Gr\u00e5melert [95] 85% bomull 15% viskose) Gender Damer Vekt 300 g\/m2<\/p>\n","protected":false},"featured_media":649,"comment_status":"closed","ping_status":"closed","template":"","meta":[],"product_brand":[],"product_cat":[19],"product_tag":[],"class_list":{"0":"post-215","1":"product","2":"type-product","3":"status-publish","4":"has-post-thumbnail","6":"product_cat-hettegensere","8":"first","9":"instock","10":"shipping-taxable","11":"purchasable","12":"product-type-variable"},"_links":{"self":[{"href":"https:\/\/skolexpress.no\/oasen\/wp-json\/wp\/v2\/product\/215","targetHints":{"allow":["GET"]}}],"collection":[{"href":"https:\/\/skolexpress.no\/oasen\/wp-json\/wp\/v2\/product"}],"about":[{"href":"https:\/\/skolexpress.no\/oasen\/wp-json\/wp\/v2\/types\/product"}],"replies":[{"embeddable":true,"href":"https:\/\/skolexpress.no\/oasen\/wp-json\/wp\/v2\/comments?post=215"}],"wp:featuredmedia":[{"embeddable":true,"href":"https:\/\/skolexpress.no\/oasen\/wp-json\/wp\/v2\/media\/649"}],"wp:attachment":[{"href":"https:\/\/skolexpress.no\/oasen\/wp-json\/wp\/v2\/media?parent=215"}],"wp:term":[{"taxonomy":"product_brand","embeddable":true,"href":"https:\/\/skolexpress.no\/oasen\/wp-json\/wp\/v2\/product_brand?post=215"},{"taxonomy":"product_cat","embeddable":true,"href":"https:\/\/skolexpress.no\/oasen\/wp-json\/wp\/v2\/product_cat?post=215"},{"taxonomy":"product_tag","embeddable":true,"href":"https:\/\/skolexpress.no\/oasen\/wp-json\/wp\/v2\/product_tag?post=215"}],"curies":[{"name":"wp","href":"https:\/\/api.w.org\/{rel}","templated":true}]}}